{"id":357,"date":"2025-01-06T07:10:32","date_gmt":"2025-01-06T07:10:32","guid":{"rendered":"https:\/\/marktgenie.de\/?page_id=357"},"modified":"2025-05-18T22:35:49","modified_gmt":"2025-05-18T22:35:49","slug":"faqs","status":"publish","type":"page","link":"https:\/\/marktgenie.de\/en\/faqs\/","title":{"rendered":"FAQs"},"content":{"rendered":"<div data-elementor-type=\"wp-page\" data-elementor-id=\"357\" class=\"elementor elementor-357\" data-elementor-post-type=\"page\">\n\t\t\t\t\t\t<section class=\"elementor-section elementor-top-section elementor-element elementor-element-be2364b elementor-section-height-min-height elementor-section-boxed elementor-section-height-default elementor-section-items-middle\" data-id=\"be2364b\" data-element_type=\"section\" data-settings=\"{&quot;background_background&quot;:&quot;classic&quot;,&quot;ekit_has_onepagescroll_dot&quot;:&quot;yes&quot;}\">\n\t\t\t\t\t\t\t<div class=\"elementor-background-overlay\"><\/div>\n\t\t\t\t\t\t\t<div class=\"elementor-container elementor-column-gap-no\">\n\t\t\t\t\t<div class=\"elementor-column elementor-col-100 elementor-top-column elementor-element elementor-element-c586c00\" data-id=\"c586c00\" data-element_type=\"column\">\n\t\t\t<div class=\"elementor-widget-wrap elementor-element-populated\">\n\t\t\t\t\t\t<div class=\"elementor-element elementor-element-9344808 elementor-widget elementor-widget-heading\" data-id=\"9344808\" data-element_type=\"widget\" data-settings=\"{&quot;ekit_we_effect_on&quot;:&quot;none&quot;}\" data-widget_type=\"heading.default\">\n\t\t\t\t<div class=\"elementor-widget-container\">\n\t\t\t\t\t<h2 class=\"elementor-heading-title elementor-size-default\">H\u00e4ufig gestellte Fragen (FAQ) \n<\/h2>\t\t\t\t<\/div>\n\t\t\t\t<\/div>\n\t\t\t\t\t<\/div>\n\t\t<\/div>\n\t\t\t\t\t<\/div>\n\t\t<\/section>\n\t\t\t\t<section class=\"elementor-section elementor-top-section elementor-element elementor-element-449ad3cb elementor-section-boxed elementor-section-height-default elementor-section-height-default\" data-id=\"449ad3cb\" data-element_type=\"section\" id=\"xs_faq_5\" data-settings=\"{&quot;ekit_has_onepagescroll_dot&quot;:&quot;yes&quot;}\">\n\t\t\t\t\t\t<div class=\"elementor-container elementor-column-gap-default\">\n\t\t\t\t\t<div class=\"elementor-column elementor-col-100 elementor-top-column elementor-element elementor-element-1320d040\" data-id=\"1320d040\" data-element_type=\"column\">\n\t\t\t<div class=\"elementor-widget-wrap elementor-element-populated\">\n\t\t\t\t\t\t<div class=\"elementor-element elementor-element-7d463f6 elementor-invisible elementor-widget elementor-widget-elementskit-heading\" data-id=\"7d463f6\" data-element_type=\"widget\" data-settings=\"{&quot;_animation&quot;:&quot;fadeInUp&quot;,&quot;ekit_we_effect_on&quot;:&quot;none&quot;}\" data-widget_type=\"elementskit-heading.default\">\n\t\t\t\t<div class=\"elementor-widget-container\">\n\t\t\t\t\t<div class=\"ekit-wid-con\" ><div class=\"ekit-heading elementskit-section-title-wraper center   ekit_heading_tablet-   ekit_heading_mobile-\"><h2 class=\"ekit-heading--title elementskit-section-title\">Allgemeine Fragen<\/h2><div class=\"ekit_heading_separetor_wraper ekit_heading_elementskit-border-divider ekit-dotted\"><div class=\"elementskit-border-divider ekit-dotted\"><\/div><\/div>\t\t\t\t<div class='ekit-heading__description'>\n\t\t\t\t\t<p>Willkommen auf der Marktgen-FAQ-Seite! Hier beantworten wir h\u00e4ufig gestellte Fragen, um Ihnen ein reibungsloses Erlebnis zu bieten. Sollten Sie die gesuchten Antworten nicht finden, wenden Sie sich gerne an unseren Kundensupport.<\/p>\n\t\t\t\t<\/div>\n\t\t\t<\/div><\/div>\t\t\t\t<\/div>\n\t\t\t\t<\/div>\n\t\t\t\t<section class=\"elementor-section elementor-inner-section elementor-element elementor-element-63c4880d elementor-section-boxed elementor-section-height-default elementor-section-height-default elementor-invisible\" data-id=\"63c4880d\" data-element_type=\"section\" data-settings=\"{&quot;animation&quot;:&quot;fadeInUp&quot;,&quot;ekit_has_onepagescroll_dot&quot;:&quot;yes&quot;}\">\n\t\t\t\t\t\t<div class=\"elementor-container elementor-column-gap-default\">\n\t\t\t\t\t<div class=\"elementor-column elementor-col-50 elementor-inner-column elementor-element elementor-element-3d3fe076\" data-id=\"3d3fe076\" data-element_type=\"column\">\n\t\t\t<div class=\"elementor-widget-wrap elementor-element-populated\">\n\t\t\t\t\t\t<div class=\"elementor-element elementor-element-dd7abf4 elementor-widget elementor-widget-elementskit-faq\" data-id=\"dd7abf4\" data-element_type=\"widget\" data-settings=\"{&quot;ekit_we_effect_on&quot;:&quot;none&quot;}\" data-widget_type=\"elementskit-faq.default\">\n\t\t\t\t<div class=\"elementor-widget-container\">\n\t\t\t\t\t<div class=\"ekit-wid-con\" >\n                <div class=\"elementskit-single-faq elementor-repeater-item-ccb3fc9\">\n            <div class=\"elementskit-faq-header\">\n                <h2 class=\"elementskit-faq-title\">1. Was ist Marktgen?<\/h2>\n            <\/div>\n            <div class=\"elementskit-faq-body\">\n                Marktgen ist eine f\u00fchrende Plattform, die sich auf den Online-Einzel- und Gro\u00dfhandel spezialisiert hat. \u00dcber unsere E-Commerce-Plattform und unsere Einzelhandelsstandorte in Deutschland verbinden wir Unternehmen und Verbraucher mit hochwertigen Produkten und Dienstleistungen.            <\/div>\n        <\/div>\n                <div class=\"elementskit-single-faq elementor-repeater-item-1219655\">\n            <div class=\"elementskit-faq-header\">\n                <h2 class=\"elementskit-faq-title\">3. Wie kann ich mich f\u00fcr ein Gro\u00dfhandelskonto anmelden?<\/h2>\n            <\/div>\n            <div class=\"elementskit-faq-body\">\n                Um ein Gro\u00dfhandelskonto zu er\u00f6ffnen, besuchen Sie unsere Gro\u00dfhandels-Anmeldeseite und f\u00fcllen Sie das Registrierungsformular aus. Unser Team pr\u00fcft Ihren Antrag und meldet sich bei Ihnen.            <\/div>\n        <\/div>\n                <div class=\"elementskit-single-faq elementor-repeater-item-31ebcfd\">\n            <div class=\"elementskit-faq-header\">\n                <h2 class=\"elementskit-faq-title\">5. Bieten Sie Mengenrabatte an?<\/h2>\n            <\/div>\n            <div class=\"elementskit-faq-body\">\n                Marks und der hinterh\u00e4ltige Semikoli, doch das Blindtextchen lie\u00df sich nicht beirren. Es packte seine sieben Versalien, steckte sich seinen Anfangsbuchstaben in den G\u00fcrtel und machte sich auf den Weg.            <\/div>\n        <\/div>\n                \n    <\/div>\t\t\t\t<\/div>\n\t\t\t\t<\/div>\n\t\t\t\t\t<\/div>\n\t\t<\/div>\n\t\t\t\t<div class=\"elementor-column elementor-col-50 elementor-inner-column elementor-element elementor-element-7125ba7c\" data-id=\"7125ba7c\" data-element_type=\"column\">\n\t\t\t<div class=\"elementor-widget-wrap elementor-element-populated\">\n\t\t\t\t\t\t<div class=\"elementor-element elementor-element-6187480e elementor-widget elementor-widget-elementskit-faq\" data-id=\"6187480e\" data-element_type=\"widget\" data-settings=\"{&quot;ekit_we_effect_on&quot;:&quot;none&quot;}\" data-widget_type=\"elementskit-faq.default\">\n\t\t\t\t<div class=\"elementor-widget-container\">\n\t\t\t\t\t<div class=\"ekit-wid-con\" >\n                <div class=\"elementskit-single-faq elementor-repeater-item-e12c595\">\n            <div class=\"elementskit-faq-header\">\n                <h2 class=\"elementskit-faq-title\">2. Wo befinden sich Ihre Einzelhandelsstandorte? K\u00f6nnen Sie die Zahlung sofort an der Kasse vornehmen?<\/h2>\n            <\/div>\n            <div class=\"elementskit-faq-body\">\n                Wir verf\u00fcgen \u00fcber zahlreiche Einzelhandelsstandorte in ganz Deutschland. Die vollst\u00e4ndige Liste finden Sie auf unserer Standortseite.            <\/div>\n        <\/div>\n                <div class=\"elementskit-single-faq elementor-repeater-item-5f94b9e\">\n            <div class=\"elementskit-faq-header\">\n                <h2 class=\"elementskit-faq-title\">4. Welche Branchen beliefern Sie im Gro\u00dfhandel?<\/h2>\n            <\/div>\n            <div class=\"elementskit-faq-body\">\n                Wir beliefern verschiedene Branchen, darunter Lebensmittelgesch\u00e4fte, Convenience Stores, Restaurants und mehr. Kontaktieren Sie uns f\u00fcr spezifische Anfragen zu Ihren Gesch\u00e4ftsanforderungen.            <\/div>\n        <\/div>\n                <div class=\"elementskit-single-faq elementor-repeater-item-ad5f942\">\n            <div class=\"elementskit-faq-header\">\n                <h2 class=\"elementskit-faq-title\">5. Muss ich meine Lizenz erneuern?<\/h2>\n            <\/div>\n            <div class=\"elementskit-faq-body\">\n                Marks und der hinterh\u00e4ltige Semikoli, doch das Blindtextchen lie\u00df sich nicht beirren. Es packte seine sieben Versalien, steckte sich seinen Anfangsbuchstaben in den G\u00fcrtel und machte sich auf den Weg.            <\/div>\n        <\/div>\n                \n    <\/div>\t\t\t\t<\/div>\n\t\t\t\t<\/div>\n\t\t\t\t\t<\/div>\n\t\t<\/div>\n\t\t\t\t\t<\/div>\n\t\t<\/section>\n\t\t\t\t\t<\/div>\n\t\t<\/div>\n\t\t\t\t\t<\/div>\n\t\t<\/section>\n\t\t\t\t<section class=\"elementor-section elementor-top-section elementor-element elementor-element-7a93de4 elementor-section-boxed elementor-section-height-default elementor-section-height-default\" data-id=\"7a93de4\" data-element_type=\"section\" data-settings=\"{&quot;ekit_has_onepagescroll_dot&quot;:&quot;yes&quot;}\">\n\t\t\t\t\t\t<div class=\"elementor-container elementor-column-gap-no\">\n\t\t\t\t\t<div class=\"elementor-column elementor-col-100 elementor-top-column elementor-element elementor-element-59b48b6\" data-id=\"59b48b6\" data-element_type=\"column\">\n\t\t\t<div class=\"elementor-widget-wrap elementor-element-populated\">\n\t\t\t\t\t\t<div class=\"elementor-element elementor-element-99172e2 elementor-invisible elementor-widget elementor-widget-heading\" data-id=\"99172e2\" data-element_type=\"widget\" data-settings=\"{&quot;_animation&quot;:&quot;fadeInLeft&quot;,&quot;ekit_we_effect_on&quot;:&quot;none&quot;}\" data-widget_type=\"heading.default\">\n\t\t\t\t<div class=\"elementor-widget-container\">\n\t\t\t\t\t<h2 class=\"elementor-heading-title elementor-size-default\">Kundensupport<\/h2>\t\t\t\t<\/div>\n\t\t\t\t<\/div>\n\t\t\t\t\t<\/div>\n\t\t<\/div>\n\t\t\t\t\t<\/div>\n\t\t<\/section>\n\t\t\t\t<section class=\"elementor-section elementor-top-section elementor-element elementor-element-21fe3b0f elementor-section-boxed elementor-section-height-default elementor-section-height-default\" data-id=\"21fe3b0f\" data-element_type=\"section\" id=\"xs_accor_box_shadow_round\" data-settings=\"{&quot;background_background&quot;:&quot;classic&quot;,&quot;ekit_has_onepagescroll_dot&quot;:&quot;yes&quot;}\">\n\t\t\t\t\t\t<div class=\"elementor-container elementor-column-gap-no\">\n\t\t\t\t\t<div class=\"elementor-column elementor-col-100 elementor-top-column elementor-element elementor-element-6901bff9\" data-id=\"6901bff9\" data-element_type=\"column\">\n\t\t\t<div class=\"elementor-widget-wrap elementor-element-populated\">\n\t\t\t\t\t\t<div class=\"elementor-element elementor-element-66888683 elementor-widget elementor-widget-elementskit-accordion\" data-id=\"66888683\" data-element_type=\"widget\" data-settings=\"{&quot;ekit_we_effect_on&quot;:&quot;none&quot;}\" data-widget_type=\"elementskit-accordion.default\">\n\t\t\t\t<div class=\"elementor-widget-container\">\n\t\t\t\t\t<div class=\"ekit-wid-con\" >\n        <div class=\"elementskit-accordion accoedion-primary\" id=\"accordion-69e1bf0789bbe\">\n\n            \n                <div class=\"elementskit-card\">\n                    <div class=\"elementskit-card-header\" id=\"primaryHeading-0-66888683\">\n                        <a href=\"#collapse-bc2283069e1bf0789bbe\" class=\"ekit-accordion--toggler elementskit-btn-link collapsed\" data-ekit-toggle=\"collapse\" data-target=\"#Collapse-bc2283069e1bf0789bbe\" aria-expanded=\"false\" aria-controls=\"Collapse-bc2283069e1bf0789bbe\">\n                            \n                            <span class=\"ekit-accordion-title\">Wie kann ich den Kundensupport kontaktieren?<\/span>\n\n                            \n                                <div class=\"ekit_accordion_icon_group\">\n                                    <div class=\"ekit_accordion_normal_icon\">\n                                        <!-- Normal Icon -->\n\t\t\t\t\t\t\t\t\t\t<i class=\"icon icon-down-arrow1\"><\/i>                                    <\/div>\n\n                                    <div class=\"ekit_accordion_active_icon\">\n                                        <!-- Active Icon -->\n\t\t\t\t\t\t\t\t\t\t<i class=\"icon icon-up-arrow\"><\/i>                                    <\/div>\n                                <\/div>\n\n                            \n                                                    <\/a>\n                    <\/div>\n\n                    <div id=\"Collapse-bc2283069e1bf0789bbe\" class=\"collapse\" aria-labelledby=\"primaryHeading-0-66888683\" data-parent=\"#accordion-69e1bf0789bbe\">\n\n                        <div class=\"elementskit-card-body ekit-accordion--content\">\n                            <ul><li><b>E-Mail:<\/b><a href=\"mailto:info@marktgenie.de\"><span style=\"font-weight: 400\"> info@marktgenie.de<\/span><\/a><\/li><li><b>Telefon:<\/b><span style=\"font-weight: 400\"> <a href=\"tel:+17276164153\">+17276164153<\/a><\/span><\/li><li><b>Live-Chat:<\/b><span style=\"font-weight: 400\"> W\u00e4hrend unserer Gesch\u00e4ftszeiten auf unserer Website verf\u00fcgbar.<\/span><\/li><\/ul><p><b>Hilfecenter:<\/b><span style=\"font-weight: 400\"> St\u00f6bern Sie in unserem<\/span><a href=\"https:\/\/marktgenie.de\/en\/customer-support\/\">\u00a0<span style=\"font-weight: 400\">Help Center<\/span><\/a><span style=\"font-weight: 400\"> f\u00fcr FAQs und Anleitungen.<\/span><\/p>                        <\/div>\n\n                    <\/div>\n\n                <\/div><!-- .elementskit-card END -->\n\n                \n                <div class=\"elementskit-card active\">\n                    <div class=\"elementskit-card-header\" id=\"primaryHeading-1-66888683\">\n                        <a href=\"#collapse-8417e7169e1bf0789bbe\" class=\"ekit-accordion--toggler elementskit-btn-link collapsed\" data-ekit-toggle=\"collapse\" data-target=\"#Collapse-8417e7169e1bf0789bbe\" aria-expanded=\"true\" aria-controls=\"Collapse-8417e7169e1bf0789bbe\">\n                            \n                            <span class=\"ekit-accordion-title\">What are your customer support hours?<\/span>\n\n                            \n                                <div class=\"ekit_accordion_icon_group\">\n                                    <div class=\"ekit_accordion_normal_icon\">\n                                        <!-- Normal Icon -->\n\t\t\t\t\t\t\t\t\t\t<i class=\"icon icon-down-arrow1\"><\/i>                                    <\/div>\n\n                                    <div class=\"ekit_accordion_active_icon\">\n                                        <!-- Active Icon -->\n\t\t\t\t\t\t\t\t\t\t<i class=\"icon icon-up-arrow\"><\/i>                                    <\/div>\n                                <\/div>\n\n                            \n                                                    <\/a>\n                    <\/div>\n\n                    <div id=\"Collapse-8417e7169e1bf0789bbe\" class=\"show collapse\" aria-labelledby=\"primaryHeading-1-66888683\" data-parent=\"#accordion-69e1bf0789bbe\">\n\n                        <div class=\"elementskit-card-body ekit-accordion--content\">\n                            <p><span style=\"font-weight: 400\">Our customer support team is available Monday through Friday, 9 AM to 6 PM EST.<\/span><\/p>                        <\/div>\n\n                    <\/div>\n\n                <\/div><!-- .elementskit-card END -->\n\n                                        <\/div>\n    <\/div>\t\t\t\t<\/div>\n\t\t\t\t<\/div>\n\t\t\t\t\t<\/div>\n\t\t<\/div>\n\t\t\t\t\t<\/div>\n\t\t<\/section>\n\t\t\t\t<section class=\"elementor-section elementor-top-section elementor-element elementor-element-4c5f3e7 elementor-section-boxed elementor-section-height-default elementor-section-height-default elementor-invisible\" data-id=\"4c5f3e7\" data-element_type=\"section\" data-settings=\"{&quot;animation&quot;:&quot;fadeInDown&quot;,&quot;ekit_has_onepagescroll_dot&quot;:&quot;yes&quot;}\">\n\t\t\t\t\t\t<div class=\"elementor-container elementor-column-gap-no\">\n\t\t\t\t\t<div class=\"elementor-column elementor-col-100 elementor-top-column elementor-element elementor-element-0c14806\" data-id=\"0c14806\" data-element_type=\"column\">\n\t\t\t<div class=\"elementor-widget-wrap elementor-element-populated\">\n\t\t\t\t\t\t<div class=\"elementor-element elementor-element-f7f2056 elementor-widget elementor-widget-heading\" data-id=\"f7f2056\" data-element_type=\"widget\" data-settings=\"{&quot;ekit_we_effect_on&quot;:&quot;none&quot;}\" data-widget_type=\"heading.default\">\n\t\t\t\t<div class=\"elementor-widget-container\">\n\t\t\t\t\t<h2 class=\"elementor-heading-title elementor-size-default\">Partnerschaften<\/h2>\t\t\t\t<\/div>\n\t\t\t\t<\/div>\n\t\t\t\t\t<\/div>\n\t\t<\/div>\n\t\t\t\t\t<\/div>\n\t\t<\/section>\n\t\t\t\t<section class=\"elementor-section elementor-top-section elementor-element elementor-element-4e723ba elementor-section-boxed elementor-section-height-default elementor-section-height-default elementor-invisible\" data-id=\"4e723ba\" data-element_type=\"section\" data-settings=\"{&quot;background_background&quot;:&quot;classic&quot;,&quot;animation&quot;:&quot;fadeInUp&quot;,&quot;ekit_has_onepagescroll_dot&quot;:&quot;yes&quot;}\">\n\t\t\t\t\t\t<div class=\"elementor-container elementor-column-gap-no\">\n\t\t\t\t\t<div class=\"elementor-column elementor-col-100 elementor-top-column elementor-element elementor-element-6e1989d\" data-id=\"6e1989d\" data-element_type=\"column\">\n\t\t\t<div class=\"elementor-widget-wrap elementor-element-populated\">\n\t\t\t\t\t\t<div class=\"elementor-element elementor-element-b09f780 elementor-widget elementor-widget-elementskit-accordion\" data-id=\"b09f780\" data-element_type=\"widget\" data-settings=\"{&quot;ekit_we_effect_on&quot;:&quot;none&quot;}\" data-widget_type=\"elementskit-accordion.default\">\n\t\t\t\t<div class=\"elementor-widget-container\">\n\t\t\t\t\t<div class=\"ekit-wid-con\" >\n        <div class=\"elementskit-accordion accoedion-primary\" id=\"accordion-69e1bf078aea5\">\n\n            \n                <div class=\"elementskit-card\">\n                    <div class=\"elementskit-card-header\" id=\"primaryHeading-0-b09f780\">\n                        <a href=\"#collapse-bc2283069e1bf078aea5\" class=\"ekit-accordion--toggler elementskit-btn-link collapsed\" data-ekit-toggle=\"collapse\" data-target=\"#Collapse-bc2283069e1bf078aea5\" aria-expanded=\"false\" aria-controls=\"Collapse-bc2283069e1bf078aea5\">\n                            \n                            <span class=\"ekit-accordion-title\">Wie kann ich eine Partnerschaft mit Marktgen eingehen?<\/span>\n\n                            \n                                <div class=\"ekit_accordion_icon_group\">\n                                    <div class=\"ekit_accordion_normal_icon\">\n                                        <!-- Normal Icon -->\n\t\t\t\t\t\t\t\t\t\t<i class=\"icon icon-down-arrow1\"><\/i>                                    <\/div>\n\n                                    <div class=\"ekit_accordion_active_icon\">\n                                        <!-- Active Icon -->\n\t\t\t\t\t\t\t\t\t\t<i class=\"icon icon-up-arrow\"><\/i>                                    <\/div>\n                                <\/div>\n\n                            \n                                                    <\/a>\n                    <\/div>\n\n                    <div id=\"Collapse-bc2283069e1bf078aea5\" class=\"collapse\" aria-labelledby=\"primaryHeading-0-b09f780\" data-parent=\"#accordion-69e1bf078aea5\">\n\n                        <div class=\"elementskit-card-body ekit-accordion--content\">\n                            <p><span style=\"font-weight: 400\">Besuchen Sie unsere<\/span><a href=\"https:\/\/marktgenie.de\/en\/partnership\/\">\u00a0<span style=\"font-weight: 400\">Partnership Page<\/span><\/a><span style=\"font-weight: 400\"> um Partnerschaftsm\u00f6glichkeiten zu erkunden und eine Anfrage zu senden.<\/span><\/p>                        <\/div>\n\n                    <\/div>\n\n                <\/div><!-- .elementskit-card END -->\n\n                \n                <div class=\"elementskit-card active\">\n                    <div class=\"elementskit-card-header\" id=\"primaryHeading-1-b09f780\">\n                        <a href=\"#collapse-8417e7169e1bf078aea5\" class=\"ekit-accordion--toggler elementskit-btn-link collapsed\" data-ekit-toggle=\"collapse\" data-target=\"#Collapse-8417e7169e1bf078aea5\" aria-expanded=\"true\" aria-controls=\"Collapse-8417e7169e1bf078aea5\">\n                            \n                            <span class=\"ekit-accordion-title\">Welche Vorteile bietet eine Partnerschaft mit Marktgen?<\/span>\n\n                            \n                                <div class=\"ekit_accordion_icon_group\">\n                                    <div class=\"ekit_accordion_normal_icon\">\n                                        <!-- Normal Icon -->\n\t\t\t\t\t\t\t\t\t\t<i class=\"icon icon-down-arrow1\"><\/i>                                    <\/div>\n\n                                    <div class=\"ekit_accordion_active_icon\">\n                                        <!-- Active Icon -->\n\t\t\t\t\t\t\t\t\t\t<i class=\"icon icon-up-arrow\"><\/i>                                    <\/div>\n                                <\/div>\n\n                            \n                                                    <\/a>\n                    <\/div>\n\n                    <div id=\"Collapse-8417e7169e1bf078aea5\" class=\"show collapse\" aria-labelledby=\"primaryHeading-1-b09f780\" data-parent=\"#accordion-69e1bf078aea5\">\n\n                        <div class=\"elementskit-card-body ekit-accordion--content\">\n                            <p>Partner profitieren von unserem umfangreichen Vertriebsnetz, unserer Marketingkompetenz und unserer engagierten Unterst\u00fctzung beim Ausbau ihrer Marken.<\/p>                        <\/div>\n\n                    <\/div>\n\n                <\/div><!-- .elementskit-card END -->\n\n                                        <\/div>\n    <\/div>\t\t\t\t<\/div>\n\t\t\t\t<\/div>\n\t\t\t\t\t<\/div>\n\t\t<\/div>\n\t\t\t\t\t<\/div>\n\t\t<\/section>\n\t\t\t\t<section class=\"elementor-section elementor-top-section elementor-element elementor-element-5bbc2a9 elementor-section-boxed elementor-section-height-default elementor-section-height-default\" data-id=\"5bbc2a9\" data-element_type=\"section\" data-settings=\"{&quot;ekit_has_onepagescroll_dot&quot;:&quot;yes&quot;}\">\n\t\t\t\t\t\t<div class=\"elementor-container elementor-column-gap-no\">\n\t\t\t\t\t<div class=\"elementor-column elementor-col-100 elementor-top-column elementor-element elementor-element-7688191\" data-id=\"7688191\" data-element_type=\"column\">\n\t\t\t<div class=\"elementor-widget-wrap elementor-element-populated\">\n\t\t\t\t\t\t<div class=\"elementor-element elementor-element-1595707 elementor-invisible elementor-widget elementor-widget-heading\" data-id=\"1595707\" data-element_type=\"widget\" data-settings=\"{&quot;_animation&quot;:&quot;fadeInUp&quot;,&quot;ekit_we_effect_on&quot;:&quot;none&quot;}\" data-widget_type=\"heading.default\">\n\t\t\t\t<div class=\"elementor-widget-container\">\n\t\t\t\t\t<h2 class=\"elementor-heading-title elementor-size-default\">Ben\u00f6tigen Sie weitere Hilfe?<\/h2>\t\t\t\t<\/div>\n\t\t\t\t<\/div>\n\t\t\t\t<div class=\"elementor-element elementor-element-c3a6c5d elementor-invisible elementor-widget elementor-widget-text-editor\" data-id=\"c3a6c5d\" data-element_type=\"widget\" data-settings=\"{&quot;_animation&quot;:&quot;fadeInUp&quot;,&quot;ekit_we_effect_on&quot;:&quot;none&quot;}\" data-widget_type=\"text-editor.default\">\n\t\t\t\t<div class=\"elementor-widget-container\">\n\t\t\t\t\t\t\t\t\t<p>Wenn Ihre Frage hier nicht aufgef\u00fchrt ist, z\u00f6gern Sie nicht, uns zu kontaktieren. Wir helfen Ihnen gerne weiter und sorgen daf\u00fcr, dass Ihre Erfahrung mit Marktgen au\u00dfergew\u00f6hnlich ist.<\/p><ul><li style=\"font-weight: 400;\" aria-level=\"1\"><b>Website:<\/b><a href=\"https:\/\/marktgenie.de\/en\/\"> Marktgen<\/a><\/li><li style=\"font-weight: 400;\" aria-level=\"1\"><b>Kontaktseite:<\/b><a href=\"https:\/\/marktgenie.de\/en\/customer-support\/\"><span style=\"font-weight: 400;\"> Contact Us<\/span><\/a><\/li><\/ul>\t\t\t\t\t\t\t\t<\/div>\n\t\t\t\t<\/div>\n\t\t\t\t\t<\/div>\n\t\t<\/div>\n\t\t\t\t\t<\/div>\n\t\t<\/section>\n\t\t\t\t<\/div>","protected":false},"excerpt":{"rendered":"<p>H\u00e4ufig gestellte Fragen (FAQ) Allgemeine Fragen Willkommen auf der Marktgen-FAQ-Seite! Hier beantworten wir h\u00e4ufig gestellte Fragen, um Ihnen ein reibungsloses Erlebnis zu bieten. Sollten Sie die gesuchten Antworten nicht finden, wenden Sie sich gerne an unseren Kundensupport. 1. Was ist Marktgen? Marktgen ist eine f\u00fchrende Plattform, die sich auf den Online-Einzel- und Gro\u00dfhandel spezialisiert hat. [&hellip;]<\/p>","protected":false},"author":1,"featured_media":0,"parent":0,"menu_order":0,"comment_status":"closed","ping_status":"closed","template":"","meta":{"footnotes":""},"class_list":["post-357","page","type-page","status-publish","hentry"],"_links":{"self":[{"href":"https:\/\/marktgenie.de\/en\/wp-json\/wp\/v2\/pages\/357","targetHints":{"allow":["GET"]}}],"collection":[{"href":"https:\/\/marktgenie.de\/en\/wp-json\/wp\/v2\/pages"}],"about":[{"href":"https:\/\/marktgenie.de\/en\/wp-json\/wp\/v2\/types\/page"}],"author":[{"embeddable":true,"href":"https:\/\/marktgenie.de\/en\/wp-json\/wp\/v2\/users\/1"}],"replies":[{"embeddable":true,"href":"https:\/\/marktgenie.de\/en\/wp-json\/wp\/v2\/comments?post=357"}],"version-history":[{"count":43,"href":"https:\/\/marktgenie.de\/en\/wp-json\/wp\/v2\/pages\/357\/revisions"}],"predecessor-version":[{"id":14753,"href":"https:\/\/marktgenie.de\/en\/wp-json\/wp\/v2\/pages\/357\/revisions\/14753"}],"wp:attachment":[{"href":"https:\/\/marktgenie.de\/en\/wp-json\/wp\/v2\/media?parent=357"}],"curies":[{"name":"wp","href":"https:\/\/api.w.org\/{rel}","templated":true}]}}