{"id":435,"date":"2025-01-07T06:24:22","date_gmt":"2025-01-07T06:24:22","guid":{"rendered":"https:\/\/marktgenie.de\/?page_id=435"},"modified":"2025-06-01T21:35:49","modified_gmt":"2025-06-01T21:35:49","slug":"wholesale-and-partnership","status":"publish","type":"page","link":"https:\/\/marktgenie.de\/en\/wholesale-and-partnership\/","title":{"rendered":"Wholesale and Partnership"},"content":{"rendered":"<div data-elementor-type=\"wp-page\" data-elementor-id=\"435\" class=\"elementor elementor-435\" data-elementor-post-type=\"page\">\n\t\t\t\t\t\t<section class=\"elementor-section elementor-top-section elementor-element elementor-element-43be92e elementor-section-height-min-height elementor-section-boxed elementor-section-height-default elementor-section-items-middle\" data-id=\"43be92e\" data-element_type=\"section\" data-settings=\"{&quot;background_background&quot;:&quot;classic&quot;,&quot;ekit_has_onepagescroll_dot&quot;:&quot;yes&quot;}\">\n\t\t\t\t\t\t\t<div class=\"elementor-background-overlay\"><\/div>\n\t\t\t\t\t\t\t<div class=\"elementor-container elementor-column-gap-no\">\n\t\t\t\t\t<div class=\"elementor-column elementor-col-100 elementor-top-column elementor-element elementor-element-3075a71\" data-id=\"3075a71\" data-element_type=\"column\">\n\t\t\t<div class=\"elementor-widget-wrap\">\n\t\t\t\t\t\t\t<\/div>\n\t\t<\/div>\n\t\t\t\t\t<\/div>\n\t\t<\/section>\n\t\t\t\t<section class=\"elementor-section elementor-top-section elementor-element elementor-element-6d1d34b elementor-section-boxed elementor-section-height-default elementor-section-height-default\" data-id=\"6d1d34b\" data-element_type=\"section\" data-settings=\"{&quot;ekit_has_onepagescroll_dot&quot;:&quot;yes&quot;}\">\n\t\t\t\t\t\t<div class=\"elementor-container elementor-column-gap-default\">\n\t\t\t\t\t<div class=\"elementor-column elementor-col-50 elementor-top-column elementor-element elementor-element-234ee1c\" data-id=\"234ee1c\" data-element_type=\"column\">\n\t\t\t<div class=\"elementor-widget-wrap elementor-element-populated\">\n\t\t\t\t\t\t<div class=\"elementor-element elementor-element-e253c2c elementor-widget elementor-widget-image\" data-id=\"e253c2c\" data-element_type=\"widget\" data-settings=\"{&quot;ekit_we_effect_on&quot;:&quot;css&quot;}\" data-widget_type=\"image.default\">\n\t\t\t\t<div class=\"elementor-widget-container\">\n\t\t\t\t\t\t\t\t\t\t\t\t\t\t\t<img fetchpriority=\"high\" decoding=\"async\" width=\"1024\" height=\"1024\" src=\"https:\/\/marktgenie.de\/wp-content\/uploads\/2025\/04\/ChatGPT-Image-Apr-23-2025-03_21_30-PM.png\" class=\"attachment-full size-full wp-image-14498\" alt=\"\" srcset=\"https:\/\/marktgenie.de\/wp-content\/uploads\/2025\/04\/ChatGPT-Image-Apr-23-2025-03_21_30-PM.png 1024w, https:\/\/marktgenie.de\/wp-content\/uploads\/2025\/04\/ChatGPT-Image-Apr-23-2025-03_21_30-PM-300x300.png 300w, https:\/\/marktgenie.de\/wp-content\/uploads\/2025\/04\/ChatGPT-Image-Apr-23-2025-03_21_30-PM-150x150.png 150w, https:\/\/marktgenie.de\/wp-content\/uploads\/2025\/04\/ChatGPT-Image-Apr-23-2025-03_21_30-PM-768x768.png 768w, https:\/\/marktgenie.de\/wp-content\/uploads\/2025\/04\/ChatGPT-Image-Apr-23-2025-03_21_30-PM-12x12.png 12w\" sizes=\"(max-width: 1024px) 100vw, 1024px\" \/>\t\t\t\t\t\t\t\t\t\t\t\t\t\t\t<\/div>\n\t\t\t\t<\/div>\n\t\t\t\t\t<\/div>\n\t\t<\/div>\n\t\t\t\t<div class=\"elementor-column elementor-col-50 elementor-top-column elementor-element elementor-element-fb3c642\" data-id=\"fb3c642\" data-element_type=\"column\">\n\t\t\t<div class=\"elementor-widget-wrap elementor-element-populated\">\n\t\t\t\t\t\t<div class=\"elementor-element elementor-element-a01741d elementor-widget elementor-widget-text-editor\" data-id=\"a01741d\" data-element_type=\"widget\" data-settings=\"{&quot;ekit_we_effect_on&quot;:&quot;none&quot;}\" data-widget_type=\"text-editor.default\">\n\t\t\t\t<div class=\"elementor-widget-container\">\n\t\t\t\t\t\t\t\t\t<p><strong>1. Gro\u00dfhandelskonto anmelden<\/strong><\/p><p>So registrieren Sie sich f\u00fcr ein Gro\u00dfhandelskonto:<br \/><br \/><\/p>\t\t\t\t\t\t\t\t<\/div>\n\t\t\t\t<\/div>\n\t\t\t\t<div class=\"elementor-element elementor-element-7d7a155 elementor-position-left elementor-vertical-align-top elementor-widget elementor-widget-image-box\" data-id=\"7d7a155\" data-element_type=\"widget\" data-settings=\"{&quot;ekit_we_effect_on&quot;:&quot;none&quot;}\" data-widget_type=\"image-box.default\">\n\t\t\t\t<div class=\"elementor-widget-container\">\n\t\t\t\t\t<div class=\"elementor-image-box-wrapper\"><figure class=\"elementor-image-box-img\"><img decoding=\"async\" width=\"1024\" height=\"1024\" src=\"https:\/\/marktgenie.de\/wp-content\/uploads\/2025\/04\/ChatGPT-Image-Apr-23-2025-03_24_21-PM.png\" class=\"attachment-full size-full wp-image-14499\" alt=\"\" srcset=\"https:\/\/marktgenie.de\/wp-content\/uploads\/2025\/04\/ChatGPT-Image-Apr-23-2025-03_24_21-PM.png 1024w, https:\/\/marktgenie.de\/wp-content\/uploads\/2025\/04\/ChatGPT-Image-Apr-23-2025-03_24_21-PM-300x300.png 300w, https:\/\/marktgenie.de\/wp-content\/uploads\/2025\/04\/ChatGPT-Image-Apr-23-2025-03_24_21-PM-150x150.png 150w, https:\/\/marktgenie.de\/wp-content\/uploads\/2025\/04\/ChatGPT-Image-Apr-23-2025-03_24_21-PM-768x768.png 768w, https:\/\/marktgenie.de\/wp-content\/uploads\/2025\/04\/ChatGPT-Image-Apr-23-2025-03_24_21-PM-12x12.png 12w\" sizes=\"(max-width: 1024px) 100vw, 1024px\" \/><\/figure><div class=\"elementor-image-box-content\"><h3 class=\"elementor-image-box-title\">F\u00fcllen Sie den Gro\u00dfhandelsantrag aus<\/h3><p class=\"elementor-image-box-description\">Besuchen Sie unsere Gro\u00dfhandels-Anmeldeseite und f\u00fcllen Sie das Online-Formular mit Angaben zu Ihrem Unternehmen aus<\/p><\/div><\/div>\t\t\t\t<\/div>\n\t\t\t\t<\/div>\n\t\t\t\t<div class=\"elementor-element elementor-element-dc7629d elementor-position-left elementor-vertical-align-top elementor-widget elementor-widget-image-box\" data-id=\"dc7629d\" data-element_type=\"widget\" data-settings=\"{&quot;ekit_we_effect_on&quot;:&quot;none&quot;}\" data-widget_type=\"image-box.default\">\n\t\t\t\t<div class=\"elementor-widget-container\">\n\t\t\t\t\t<div class=\"elementor-image-box-wrapper\"><figure class=\"elementor-image-box-img\"><img decoding=\"async\" width=\"1024\" height=\"1024\" src=\"https:\/\/marktgenie.de\/wp-content\/uploads\/2025\/04\/ChatGPT-Image-Apr-23-2025-03_25_45-PM.png\" class=\"attachment-full size-full wp-image-14503\" alt=\"\" srcset=\"https:\/\/marktgenie.de\/wp-content\/uploads\/2025\/04\/ChatGPT-Image-Apr-23-2025-03_25_45-PM.png 1024w, https:\/\/marktgenie.de\/wp-content\/uploads\/2025\/04\/ChatGPT-Image-Apr-23-2025-03_25_45-PM-300x300.png 300w, https:\/\/marktgenie.de\/wp-content\/uploads\/2025\/04\/ChatGPT-Image-Apr-23-2025-03_25_45-PM-150x150.png 150w, https:\/\/marktgenie.de\/wp-content\/uploads\/2025\/04\/ChatGPT-Image-Apr-23-2025-03_25_45-PM-768x768.png 768w, https:\/\/marktgenie.de\/wp-content\/uploads\/2025\/04\/ChatGPT-Image-Apr-23-2025-03_25_45-PM-12x12.png 12w\" sizes=\"(max-width: 1024px) 100vw, 1024px\" \/><\/figure><div class=\"elementor-image-box-content\"><h3 class=\"elementor-image-box-title\">Geben Sie Gesch\u00e4ftsinformationen an<\/h3><p class=\"elementor-image-box-description\">Geben Sie Ihren Firmennamen, Ihre Adresse, Telefonnummer und Steuernummer (falls zutreffend) an.<\/p><\/div><\/div>\t\t\t\t<\/div>\n\t\t\t\t<\/div>\n\t\t\t\t<div class=\"elementor-element elementor-element-612a1d7 elementor-position-left elementor-vertical-align-top elementor-widget elementor-widget-image-box\" data-id=\"612a1d7\" data-element_type=\"widget\" data-settings=\"{&quot;ekit_we_effect_on&quot;:&quot;none&quot;}\" data-widget_type=\"image-box.default\">\n\t\t\t\t<div class=\"elementor-widget-container\">\n\t\t\t\t\t<div class=\"elementor-image-box-wrapper\"><figure class=\"elementor-image-box-img\"><img loading=\"lazy\" decoding=\"async\" width=\"1024\" height=\"1024\" src=\"https:\/\/marktgenie.de\/wp-content\/uploads\/2025\/04\/ChatGPT-Image-Apr-23-2025-03_35_18-PM.png\" class=\"attachment-full size-full wp-image-14504\" alt=\"\" srcset=\"https:\/\/marktgenie.de\/wp-content\/uploads\/2025\/04\/ChatGPT-Image-Apr-23-2025-03_35_18-PM.png 1024w, https:\/\/marktgenie.de\/wp-content\/uploads\/2025\/04\/ChatGPT-Image-Apr-23-2025-03_35_18-PM-300x300.png 300w, https:\/\/marktgenie.de\/wp-content\/uploads\/2025\/04\/ChatGPT-Image-Apr-23-2025-03_35_18-PM-150x150.png 150w, https:\/\/marktgenie.de\/wp-content\/uploads\/2025\/04\/ChatGPT-Image-Apr-23-2025-03_35_18-PM-768x768.png 768w, https:\/\/marktgenie.de\/wp-content\/uploads\/2025\/04\/ChatGPT-Image-Apr-23-2025-03_35_18-PM-12x12.png 12w\" sizes=\"(max-width: 1024px) 100vw, 1024px\" \/><\/figure><div class=\"elementor-image-box-content\"><h3 class=\"elementor-image-box-title\">Beschreiben Sie Ihren Gro\u00dfhandelsbedarf<\/h3><p class=\"elementor-image-box-description\">Teilen Sie uns mit, f\u00fcr welche Produktarten Sie sich interessieren und wie hoch das voraussichtliche Bestellvolumen sein wird.<\/p><\/div><\/div>\t\t\t\t<\/div>\n\t\t\t\t<\/div>\n\t\t\t\t<div class=\"elementor-element elementor-element-2fa89f9 elementor-position-left elementor-vertical-align-top elementor-widget elementor-widget-image-box\" data-id=\"2fa89f9\" data-element_type=\"widget\" data-settings=\"{&quot;ekit_we_effect_on&quot;:&quot;none&quot;}\" data-widget_type=\"image-box.default\">\n\t\t\t\t<div class=\"elementor-widget-container\">\n\t\t\t\t\t<div class=\"elementor-image-box-wrapper\"><figure class=\"elementor-image-box-img\"><img loading=\"lazy\" decoding=\"async\" width=\"1024\" height=\"1024\" src=\"https:\/\/marktgenie.de\/wp-content\/uploads\/2025\/04\/ChatGPT-Image-Apr-23-2025-03_35_54-PM.png\" class=\"attachment-full size-full wp-image-14505\" alt=\"\" srcset=\"https:\/\/marktgenie.de\/wp-content\/uploads\/2025\/04\/ChatGPT-Image-Apr-23-2025-03_35_54-PM.png 1024w, https:\/\/marktgenie.de\/wp-content\/uploads\/2025\/04\/ChatGPT-Image-Apr-23-2025-03_35_54-PM-300x300.png 300w, https:\/\/marktgenie.de\/wp-content\/uploads\/2025\/04\/ChatGPT-Image-Apr-23-2025-03_35_54-PM-150x150.png 150w, https:\/\/marktgenie.de\/wp-content\/uploads\/2025\/04\/ChatGPT-Image-Apr-23-2025-03_35_54-PM-768x768.png 768w, https:\/\/marktgenie.de\/wp-content\/uploads\/2025\/04\/ChatGPT-Image-Apr-23-2025-03_35_54-PM-12x12.png 12w\" sizes=\"(max-width: 1024px) 100vw, 1024px\" \/><\/figure><div class=\"elementor-image-box-content\"><h3 class=\"elementor-image-box-title\">Reichen Sie Ihre Bewerbung ein<\/h3><p class=\"elementor-image-box-description\">Sobald Ihr Formular vollst\u00e4ndig ist, senden Sie es zur \u00dcberpr\u00fcfung ab.<\/p><\/div><\/div>\t\t\t\t<\/div>\n\t\t\t\t<\/div>\n\t\t\t\t\t<\/div>\n\t\t<\/div>\n\t\t\t\t\t<\/div>\n\t\t<\/section>\n\t\t\t\t<section class=\"elementor-section elementor-top-section elementor-element elementor-element-629afcf elementor-section-boxed elementor-section-height-default elementor-section-height-default\" data-id=\"629afcf\" data-element_type=\"section\" data-settings=\"{&quot;animation_mobile&quot;:&quot;fadeInUp&quot;,&quot;ekit_has_onepagescroll_dot&quot;:&quot;yes&quot;}\">\n\t\t\t\t\t\t<div class=\"elementor-container elementor-column-gap-no\">\n\t\t\t\t\t<div class=\"elementor-column elementor-col-100 elementor-top-column elementor-element elementor-element-250ae91\" data-id=\"250ae91\" data-element_type=\"column\">\n\t\t\t<div class=\"elementor-widget-wrap elementor-element-populated\">\n\t\t\t\t\t\t<div class=\"elementor-element elementor-element-16e326b elementor-widget elementor-widget-text-editor\" data-id=\"16e326b\" data-element_type=\"widget\" data-settings=\"{&quot;ekit_we_effect_on&quot;:&quot;none&quot;}\" data-widget_type=\"text-editor.default\">\n\t\t\t\t<div class=\"elementor-widget-container\">\n\t\t\t\t\t\t\t\t\t<h4><b>2. <span style=\"color: #0D3B66;\">Bulk Order<\/span><span style=\"color: #cd2026;\"> Discounts<\/span><\/b><\/h4>\n<span style=\"font-weight: 400;\">Take advantage of bulk order discounts by following these steps:<\/span>\n<ol>\n \t<li style=\"font-weight: 400;\" aria-level=\"1\"><b>Contact Us for Bulk Pricing<\/b><b>\n<\/b><span style=\"font-weight: 400;\">Email us at <a href=\"mailto:info@marktgenie.de\">info@marktgenie.de<\/a><\/span><\/li>\n \t<li style=\"font-weight: 400;\" aria-level=\"1\"><span style=\"font-weight: 400;\"> with your product selections and order quantity.<\/span><\/li>\n \t<li style=\"font-weight: 400;\" aria-level=\"1\"><b>Request a Quote<\/b><b>\n<\/b><span style=\"font-weight: 400;\">Based on your bulk order, our team will provide a customized quote with applicable discounts.<\/span><\/li>\n \t<li style=\"font-weight: 400;\" aria-level=\"1\"><b>Review Discount Options<\/b><b>\n<\/b><span style=\"font-weight: 400;\">Bulk discounts are available based on order size and product category. Our team will guide you through the available options.<\/span><\/li>\n \t<li style=\"font-weight: 400;\" aria-level=\"1\"><b>Place Your Order<\/b><b>\n<\/b><span style=\"font-weight: 400;\">Once you\u2019ve reviewed and agreed to the terms, you can proceed with placing your order.<\/span><\/li>\n<\/ol>\t\t\t\t\t\t\t\t<\/div>\n\t\t\t\t<\/div>\n\t\t\t\t<div class=\"elementor-element elementor-element-369e97d elementor-widget elementor-widget-text-editor\" data-id=\"369e97d\" data-element_type=\"widget\" data-settings=\"{&quot;ekit_we_effect_on&quot;:&quot;none&quot;}\" data-widget_type=\"text-editor.default\">\n\t\t\t\t<div class=\"elementor-widget-container\">\n\t\t\t\t\t\t\t\t\t<h4><b>3.<span style=\"color: #0D3B66;\"> Partner<\/span> <span style=\"color: #cd2026;\">with Us<\/span><\/b><\/h4>\n<span style=\"font-weight: 400;\">Interested in becoming a partner? Here\u2019s how to start:<\/span>\n<ol>\n \t<li style=\"font-weight: 400;\" aria-level=\"1\"><b>Reach Out to Us<\/b><b>\n<\/b><span style=\"font-weight: 400;\">Email us at <a href=\"mailto:info@marktgenie.de\">info@marktgenie.de<\/a> with a brief introduction of your company and the type of partnership you\u2019re seeking.<\/span><\/li>\n \t<li style=\"font-weight: 400;\" aria-level=\"1\"><b>Provide Partnership Details<\/b><b>\n<\/b><span style=\"font-weight: 400;\">Include your business objectives, the types of collaboration you\u2019re interested in, and any potential opportunities for mutual growth.<\/span><\/li>\n \t<li style=\"font-weight: 400;\" aria-level=\"1\"><b>Set Up a Call<\/b><b>\n<\/b><span style=\"font-weight: 400;\">Our team will review your inquiry and, if interested, schedule a call to discuss partnership details and next steps.<\/span><\/li>\n \t<li style=\"font-weight: 400;\" aria-level=\"1\"><b>Negotiate Terms<\/b><b>\n<\/b><span style=\"font-weight: 400;\">During the call, we\u2019ll go over the terms of the partnership, including financial agreements, product offerings, and marketing opportunities.<\/span><\/li>\n \t<li style=\"font-weight: 400;\" aria-level=\"1\"><b>Sign Agreement<\/b><b>\n<\/b><span style=\"font-weight: 400;\">After finalizing the details, we\u2019ll provide a partnership agreement for you to sign and move forward with the collaboration.<\/span><\/li>\n<\/ol>\t\t\t\t\t\t\t\t<\/div>\n\t\t\t\t<\/div>\n\t\t\t\t\t<\/div>\n\t\t<\/div>\n\t\t\t\t\t<\/div>\n\t\t<\/section>\n\t\t\t\t<section class=\"elementor-section elementor-top-section elementor-element elementor-element-fda1cee elementor-section-boxed elementor-section-height-default elementor-section-height-default\" data-id=\"fda1cee\" data-element_type=\"section\" data-settings=\"{&quot;ekit_has_onepagescroll_dot&quot;:&quot;yes&quot;}\">\n\t\t\t\t\t\t<div class=\"elementor-container elementor-column-gap-no\">\n\t\t\t\t\t<div class=\"elementor-column elementor-col-100 elementor-top-column elementor-element elementor-element-7126fc3\" data-id=\"7126fc3\" data-element_type=\"column\">\n\t\t\t<div class=\"elementor-widget-wrap elementor-element-populated\">\n\t\t\t\t\t\t<div class=\"elementor-element elementor-element-9e5852c elementor-widget elementor-widget-text-editor\" data-id=\"9e5852c\" data-element_type=\"widget\" data-settings=\"{&quot;ekit_we_effect_on&quot;:&quot;none&quot;}\" data-widget_type=\"text-editor.default\">\n\t\t\t\t<div class=\"elementor-widget-container\">\n\t\t\t\t\t\t\t\t\t<h4><b>3.<span style=\"color: #0d3b66;\"> Our<\/span>\u00a0<span style=\"color: #cd2026;\">Address<\/span><\/b><\/h4><p>\u00a0<\/p>\t\t\t\t\t\t\t\t<\/div>\n\t\t\t\t<\/div>\n\t\t\t\t<div class=\"elementor-element elementor-element-a84dcc4 elementor-widget elementor-widget-google_maps\" data-id=\"a84dcc4\" data-element_type=\"widget\" data-settings=\"{&quot;ekit_we_effect_on&quot;:&quot;none&quot;}\" data-widget_type=\"google_maps.default\">\n\t\t\t\t<div class=\"elementor-widget-container\">\n\t\t\t\t\t\t\t<div class=\"elementor-custom-embed\">\n\t\t\t<iframe loading=\"lazy\"\n\t\t\t\t\tsrc=\"https:\/\/maps.google.com\/maps?q=Alfred-Wegener-Str.%208%20Postal%20code%3A%2060438%20City%3AFrankfurt%C2%A0am%C2%A0Main%20Germany&#038;t=m&#038;z=10&#038;output=embed&#038;iwloc=near\"\n\t\t\t\t\ttitle=\"Alfred-Wegener-Str. 8 Postal code: 60438 City:Frankfurt\u00a0am\u00a0Main Germany\"\n\t\t\t\t\taria-label=\"Alfred-Wegener-Str. 8 Postal code: 60438 City:Frankfurt\u00a0am\u00a0Main Germany\"\n\t\t\t><\/iframe>\n\t\t<\/div>\n\t\t\t\t\t\t<\/div>\n\t\t\t\t<\/div>\n\t\t\t\t\t<\/div>\n\t\t<\/div>\n\t\t\t\t\t<\/div>\n\t\t<\/section>\n\t\t\t\t<\/div>","protected":false},"excerpt":{"rendered":"<p>1. Gro\u00dfhandelskonto anmelden So registrieren Sie sich f\u00fcr ein Gro\u00dfhandelskonto: F\u00fcllen Sie den Gro\u00dfhandelsantrag aus Besuchen Sie unsere Gro\u00dfhandels-Anmeldeseite und f\u00fcllen Sie das Online-Formular mit Angaben zu Ihrem Unternehmen aus Geben Sie Gesch\u00e4ftsinformationen an Geben Sie Ihren Firmennamen, Ihre Adresse, Telefonnummer und Steuernummer (falls zutreffend) an. Beschreiben Sie Ihren Gro\u00dfhandelsbedarf Teilen Sie uns mit, f\u00fcr [&hellip;]<\/p>","protected":false},"author":1,"featured_media":0,"parent":0,"menu_order":0,"comment_status":"closed","ping_status":"closed","template":"","meta":{"footnotes":""},"class_list":["post-435","page","type-page","status-publish","hentry"],"_links":{"self":[{"href":"https:\/\/marktgenie.de\/en\/wp-json\/wp\/v2\/pages\/435","targetHints":{"allow":["GET"]}}],"collection":[{"href":"https:\/\/marktgenie.de\/en\/wp-json\/wp\/v2\/pages"}],"about":[{"href":"https:\/\/marktgenie.de\/en\/wp-json\/wp\/v2\/types\/page"}],"author":[{"embeddable":true,"href":"https:\/\/marktgenie.de\/en\/wp-json\/wp\/v2\/users\/1"}],"replies":[{"embeddable":true,"href":"https:\/\/marktgenie.de\/en\/wp-json\/wp\/v2\/comments?post=435"}],"version-history":[{"count":22,"href":"https:\/\/marktgenie.de\/en\/wp-json\/wp\/v2\/pages\/435\/revisions"}],"predecessor-version":[{"id":14847,"href":"https:\/\/marktgenie.de\/en\/wp-json\/wp\/v2\/pages\/435\/revisions\/14847"}],"wp:attachment":[{"href":"https:\/\/marktgenie.de\/en\/wp-json\/wp\/v2\/media?parent=435"}],"curies":[{"name":"wp","href":"https:\/\/api.w.org\/{rel}","templated":true}]}}