{"id":518,"date":"2025-01-09T09:39:06","date_gmt":"2025-01-09T09:39:06","guid":{"rendered":"https:\/\/marktgenie.de\/?page_id=518"},"modified":"2025-06-01T21:29:13","modified_gmt":"2025-06-01T21:29:13","slug":"technical-support","status":"publish","type":"page","link":"https:\/\/marktgenie.de\/en\/technical-support\/","title":{"rendered":"Technical Support"},"content":{"rendered":"<div data-elementor-type=\"wp-page\" data-elementor-id=\"518\" class=\"elementor elementor-518\" data-elementor-post-type=\"page\">\n\t\t\t\t\t\t<section class=\"elementor-section elementor-top-section elementor-element elementor-element-a6b7605 elementor-section-height-min-height elementor-section-boxed elementor-section-height-default elementor-section-items-middle\" data-id=\"a6b7605\" data-element_type=\"section\" data-settings=\"{&quot;background_background&quot;:&quot;classic&quot;,&quot;ekit_has_onepagescroll_dot&quot;:&quot;yes&quot;}\">\n\t\t\t\t\t\t\t<div class=\"elementor-background-overlay\"><\/div>\n\t\t\t\t\t\t\t<div class=\"elementor-container elementor-column-gap-no\">\n\t\t\t\t\t<div class=\"elementor-column elementor-col-100 elementor-top-column elementor-element elementor-element-cc2ec20\" data-id=\"cc2ec20\" data-element_type=\"column\">\n\t\t\t<div class=\"elementor-widget-wrap elementor-element-populated\">\n\t\t\t\t\t\t<div class=\"elementor-element elementor-element-9e13cb8 elementor-widget elementor-widget-heading\" data-id=\"9e13cb8\" data-element_type=\"widget\" data-settings=\"{&quot;ekit_we_effect_on&quot;:&quot;none&quot;}\" data-widget_type=\"heading.default\">\n\t\t\t\t<div class=\"elementor-widget-container\">\n\t\t\t\t\t<h2 class=\"elementor-heading-title elementor-size-default\">Technische Unterst\u00fctzung<\/h2>\t\t\t\t<\/div>\n\t\t\t\t<\/div>\n\t\t\t\t\t<\/div>\n\t\t<\/div>\n\t\t\t\t\t<\/div>\n\t\t<\/section>\n\t\t\t\t<section class=\"elementor-section elementor-top-section elementor-element elementor-element-8b75a69 elementor-section-boxed elementor-section-height-default elementor-section-height-default\" data-id=\"8b75a69\" data-element_type=\"section\" data-settings=\"{&quot;animation_mobile&quot;:&quot;fadeInUp&quot;,&quot;ekit_has_onepagescroll_dot&quot;:&quot;yes&quot;}\">\n\t\t\t\t\t\t<div class=\"elementor-container elementor-column-gap-no\">\n\t\t\t\t\t<div class=\"elementor-column elementor-col-100 elementor-top-column elementor-element elementor-element-bcf2512\" data-id=\"bcf2512\" data-element_type=\"column\">\n\t\t\t<div class=\"elementor-widget-wrap elementor-element-populated\">\n\t\t\t\t\t\t<div class=\"elementor-element elementor-element-6db988b elementor-widget elementor-widget-text-editor\" data-id=\"6db988b\" data-element_type=\"widget\" data-settings=\"{&quot;ekit_we_effect_on&quot;:&quot;none&quot;}\" data-widget_type=\"text-editor.default\">\n\t\t\t\t<div class=\"elementor-widget-container\">\n\t\t\t\t\t\t\t\t\t<h3>Technische Unterst\u00fctzung<\/h3><p>Unser technischer Support hilft Ihnen gerne bei allen Problemen mit unserer Website, unserer mobilen App oder bei h\u00e4ufig gestellten Fragen. Egal, ob Sie technische Probleme haben oder Hilfe bei der Fehlerbehebung ben\u00f6tigen \u2013 wir sind f\u00fcr Sie da.<\/p><h4>Probleme mit der Website<\/h4><p>Wenn beim Surfen auf unserer Website Probleme auftreten, beispielsweise defekte Links, langsame Ladezeiten oder Seitenfehler, befolgen Sie diese Schritte, um Hilfe zu erhalten:<\/p><ul><li style=\"font-weight: 400;\" aria-level=\"1\"><span style=\"font-weight: 400;\"><strong>Schicken Sie uns eine E-Mail<\/strong>: Kontaktieren Sie unser Support-Team unter <a href=\"mailto:info@marktgenie.de\">info@marktgenie.de<\/a> mit einer Beschreibung des Problems.<\/span><\/li><li style=\"font-weight: 400;\" aria-level=\"1\"><span style=\"font-weight: 400;\"><strong>Live-Chat<\/strong>: Nutzen Sie unsere Live-Chat-Funktion auf der Website f\u00fcr Hilfe in Echtzeit.<\/span><\/li><li style=\"font-weight: 400;\" aria-level=\"1\"><span style=\"font-weight: 400;\"><strong>Rufen Sie uns an<\/strong>: Rufen Sie unseren Kundenservice unter [Telefonnummer] an, um sofortige Unterst\u00fctzung zu erhalten.<\/span><\/li><\/ul><h4>Mobile App-Unterst\u00fctzung<\/h4><p>Haben Sie Probleme mit unserer mobilen App? Egal, ob App-Abst\u00fcrze, Anmeldeprobleme oder Funktionsst\u00f6rungen \u2013 wir helfen Ihnen.<\/p><ul><li style=\"font-weight: 400;\" aria-level=\"1\"><span style=\"font-weight: 400;\"><strong>Senden Sie ein Ticket<\/strong>: Senden Sie eine E-Mail an <a href=\"mailto:info@marktgenie.de\">info@marktgenie.de<\/a> mit deinem Anliegen.<\/span><\/li><li style=\"font-weight: 400;\" aria-level=\"1\"><span style=\"font-weight: 400;\"><strong>Rufen Sie uns an<\/strong>: F\u00fcr direkten Support rufen Sie an <a href=\"tel:+491728725978\">+491728725978<\/a>\u00a0 zur Unterst\u00fctzung bei Ihren Problemen mit der mobilen App.<\/span><\/li><\/ul><h4><b>FAQ<\/b><\/h4><p><span style=\"font-weight: 400;\">Ben\u00f6tigen Sie schnell Hilfe? Schauen Sie sich unsere <\/span><a href=\"https:\/\/marktgenie.de\/en\/faqs\/\"><b>Frequently Asked Questions<\/b><\/a><span style=\"font-weight: 400;\"> Abschnitt, in dem wir h\u00e4ufige technische Fragen zur Website-Nutzung, zu mobilen Apps und mehr beantworten.<\/span><\/p><p><span style=\"font-weight: 400;\"><strong>Besuchen Sie die FAQ<\/strong>: Durchsuchen Sie hier unseren FAQ-Bereich, um sofortige L\u00f6sungen f\u00fcr die h\u00e4ufigsten Probleme zu finden.<\/span><\/p><p><span style=\"font-weight: 400;\">Wenn Sie in unserem <a href=\"https:\/\/marktgenie.de\/en\/faqs\/\">FAQ<\/a> oder weiterhin Probleme auftreten, k\u00f6nnen Sie sich gerne direkt an uns wenden und wir helfen Ihnen gerne weiter!<\/span><\/p>\t\t\t\t\t\t\t\t<\/div>\n\t\t\t\t<\/div>\n\t\t\t\t\t<\/div>\n\t\t<\/div>\n\t\t\t\t\t<\/div>\n\t\t<\/section>\n\t\t\t\t<\/div>","protected":false},"excerpt":{"rendered":"<p>Technische Unterst\u00fctzung Technische Unterst\u00fctzung Unser technischer Support hilft Ihnen gerne bei allen Problemen mit unserer Website, unserer mobilen App oder bei h\u00e4ufig gestellten Fragen. Egal, ob Sie technische Probleme haben oder Hilfe bei der Fehlerbehebung ben\u00f6tigen \u2013 wir sind f\u00fcr Sie da. Probleme mit der Website Wenn beim Surfen auf unserer Website Probleme auftreten, beispielsweise [&hellip;]<\/p>","protected":false},"author":1,"featured_media":0,"parent":0,"menu_order":0,"comment_status":"closed","ping_status":"closed","template":"","meta":{"footnotes":""},"class_list":["post-518","page","type-page","status-publish","hentry"],"_links":{"self":[{"href":"https:\/\/marktgenie.de\/en\/wp-json\/wp\/v2\/pages\/518","targetHints":{"allow":["GET"]}}],"collection":[{"href":"https:\/\/marktgenie.de\/en\/wp-json\/wp\/v2\/pages"}],"about":[{"href":"https:\/\/marktgenie.de\/en\/wp-json\/wp\/v2\/types\/page"}],"author":[{"embeddable":true,"href":"https:\/\/marktgenie.de\/en\/wp-json\/wp\/v2\/users\/1"}],"replies":[{"embeddable":true,"href":"https:\/\/marktgenie.de\/en\/wp-json\/wp\/v2\/comments?post=518"}],"version-history":[{"count":25,"href":"https:\/\/marktgenie.de\/en\/wp-json\/wp\/v2\/pages\/518\/revisions"}],"predecessor-version":[{"id":14844,"href":"https:\/\/marktgenie.de\/en\/wp-json\/wp\/v2\/pages\/518\/revisions\/14844"}],"wp:attachment":[{"href":"https:\/\/marktgenie.de\/en\/wp-json\/wp\/v2\/media?parent=518"}],"curies":[{"name":"wp","href":"https:\/\/api.w.org\/{rel}","templated":true}]}}